{"id":81,"date":"2025-03-26T11:20:18","date_gmt":"2025-03-26T14:20:18","guid":{"rendered":"https:\/\/patosnet.com.br\/?page_id=81"},"modified":"2025-03-26T11:54:12","modified_gmt":"2025-03-26T14:54:12","slug":"teste-de-velocidade","status":"publish","type":"page","link":"https:\/\/patosnet.com.br\/?page_id=81","title":{"rendered":"Teste De Velocidade"},"content":{"rendered":"\t\t<div data-elementor-type=\"wp-page\" data-elementor-id=\"81\" class=\"elementor elementor-81\" data-elementor-settings=\"{&quot;ha_cmc_init_switcher&quot;:&quot;no&quot;}\">\n\t\t\t\t<div class=\"elementor-element elementor-element-02d3bde e-flex e-con-boxed wpr-particle-no wpr-jarallax-no wpr-parallax-no wpr-sticky-section-no wpr-equal-height-no e-con e-parent\" data-id=\"02d3bde\" data-element_type=\"container\" data-e-type=\"container\" data-settings=\"{&quot;_ha_eqh_enable&quot;:false}\">\n\t\t\t\t\t<div class=\"e-con-inner\">\n\t\t\t\t<div class=\"elementor-element elementor-element-536f2a5 elementor-widget__width-inherit elementor-widget elementor-widget-html\" data-id=\"536f2a5\" data-element_type=\"widget\" data-e-type=\"widget\" data-widget_type=\"html.default\">\n\t\t\t\t<div class=\"elementor-widget-container\">\n\t\t\t\t\t<!DOCTYPE html>\r\n<html lang=\"pt\">\r\n<head>\r\n    <meta charset=\"UTF-8\">\r\n    <meta name=\"viewport\" content=\"width=device-width, initial-scale=1.0\">\r\n    <title>Teste de Velocidade<\/title>\r\n    <style>\r\n        \/* Estilo geral *\/\r\n        body {\r\n            font-family: Arial, sans-serif;\r\n            text-align: center;\r\n            background: white;\r\n            margin: 0;\r\n            padding: 0;\r\n        }\r\n\r\n        \/* Container do Speed Test *\/\r\n        #speedtest-container {\r\n            width: 100%;\r\n            max-width: 600px;\r\n            margin: auto;\r\n            margin-top: 50px;\r\n        }\r\n\r\n        \/* Estiliza\u00e7\u00e3o do bot\u00e3o *\/\r\n        .btn-speedtest {\r\n            background-color: orange;\r\n            color: white;\r\n            border: none;\r\n            padding: 14px 28px;\r\n            font-size: 18px;\r\n            font-weight: bold;\r\n            border-radius: 8px;\r\n            cursor: pointer;\r\n            transition: 0.3s;\r\n            margin-top: 20px;\r\n            display: block;\r\n            margin-left: auto;\r\n            margin-right: auto;\r\n        }\r\n\r\n        .btn-speedtest:hover {\r\n            background-color: #e69500;\r\n        }\r\n    <\/style>\r\n<\/head>\r\n<body>\r\n\r\n    <div id=\"speedtest-container\">\r\n        <!-- Inicialmente exibe o iframe sem iniciar o teste -->\r\n        <iframe id=\"speedtest-frame\" src=\"https:\/\/fast.com\" width=\"100%\" height=\"500px\" style=\"border: none;\"><\/iframe>\r\n        \r\n    <\/div>\r\n\r\n    <script>\r\n        function iniciarSpeedTest() {\r\n            \/\/ Recarrega o iframe para iniciar o teste\r\n            var iframe = document.getElementById(\"speedtest-frame\");\r\n            iframe.src = \"https:\/\/fast.com\";\r\n        }\r\n    <\/script>\r\n\r\n<\/body>\r\n<\/html>\r\n\t\t\t\t<\/div>\n\t\t\t\t<\/div>\n\t\t\t\t\t<\/div>\n\t\t\t\t<\/div>\n\t\t\t\t<\/div>\n\t\t","protected":false},"excerpt":{"rendered":"<p>Teste de Velocidade<\/p>\n","protected":false},"author":1,"featured_media":0,"parent":0,"menu_order":0,"comment_status":"closed","ping_status":"closed","template":"","meta":{"footnotes":""},"class_list":["post-81","page","type-page","status-publish","hentry"],"_links":{"self":[{"href":"https:\/\/patosnet.com.br\/index.php?rest_route=\/wp\/v2\/pages\/81","targetHints":{"allow":["GET"]}}],"collection":[{"href":"https:\/\/patosnet.com.br\/index.php?rest_route=\/wp\/v2\/pages"}],"about":[{"href":"https:\/\/patosnet.com.br\/index.php?rest_route=\/wp\/v2\/types\/page"}],"author":[{"embeddable":true,"href":"https:\/\/patosnet.com.br\/index.php?rest_route=\/wp\/v2\/users\/1"}],"replies":[{"embeddable":true,"href":"https:\/\/patosnet.com.br\/index.php?rest_route=%2Fwp%2Fv2%2Fcomments&post=81"}],"version-history":[{"count":34,"href":"https:\/\/patosnet.com.br\/index.php?rest_route=\/wp\/v2\/pages\/81\/revisions"}],"predecessor-version":[{"id":119,"href":"https:\/\/patosnet.com.br\/index.php?rest_route=\/wp\/v2\/pages\/81\/revisions\/119"}],"wp:attachment":[{"href":"https:\/\/patosnet.com.br\/index.php?rest_route=%2Fwp%2Fv2%2Fmedia&parent=81"}],"curies":[{"name":"wp","href":"https:\/\/api.w.org\/{rel}","templated":true}]}}